{"id":13843,"date":"2021-07-19T21:25:22","date_gmt":"2021-07-19T18:25:22","guid":{"rendered":"https:\/\/beta.geoface.com\/susisiekite-su-mumis\/"},"modified":"2025-07-02T13:02:56","modified_gmt":"2025-07-02T10:02:56","slug":"kontaktai","status":"publish","type":"page","link":"https:\/\/www.geoface.com\/lt\/kontaktai\/","title":{"rendered":"Susisiekite su mumis"},"content":{"rendered":"\t\t<div data-elementor-type=\"wp-page\" data-elementor-id=\"13843\" class=\"elementor elementor-13843 elementor-194\" data-elementor-post-type=\"page\">\n\t\t\t\t\t\t<section class=\" elementor-section elementor-top-section elementor-element elementor-element-3949175f elementor-section-boxed elementor-section-height-default elementor-section-height-default smart-sticky-default\" data-id=\"3949175f\" data-element_type=\"section\">\r\n\t\t\t\t\t\t\t\t<div class=\"elementor-container elementor-column-gap-default\">\r\n\t\t\t\t\r\n\t\t\t\t\t\t\t\t<div class=\" elementor-column elementor-col-100 elementor-top-column elementor-element elementor-element-2203e723 \" data-id=\"2203e723\" data-element_type=\"column\">\r\n\r\n\t\t\t\t\r\n\t\t\t\t<div class=\"elementor-widget-wrap elementor-element-populated\">\r\n\t\t\t\t\t\t\t\t\t\t\r\n\t\t\t\t\t\t<div class=\"elementor-element elementor-element-698c9652 elementor-widget__width-initial elementor-widget-laptop__width-initial elementor-widget-tablet__width-initial elementor-widget-mobile__width-initial w-100 elementor-invisible elementor-widget elementor-widget-udesign_widget_heading\" data-id=\"698c9652\" data-element_type=\"widget\" data-settings=\"{&quot;_animation&quot;:&quot;fadeIn&quot;}\" data-widget_type=\"udesign_widget_heading.default\">\n\t\t\t\t<div class=\"elementor-widget-container\">\n\t\t\t\t\t<div class=\"title-wrapper  title-center\"><h2 class=\"title elementor-heading-title\">Susisiekite su mumis<\/h2><\/div>\t\t\t\t<\/div>\n\t\t\t\t<\/div>\n\t\t\t\t\t\t<\/div>\r\n\t\t\t\t<\/div>\r\n\t\t\t\t\t\t\t\t<\/div>\r\n\t\t\t<\/section>\r\n\t\t\t\t\t<div class=\" elementor-section elementor-top-section elementor-element elementor-element-65992bf elementor-section-boxed elementor-section-height-default elementor-section-height-default smart-sticky-default\" data-id=\"65992bf\" data-element_type=\"section\" data-settings=\"{&quot;background_background&quot;:&quot;classic&quot;}\">\r\n\t\t\t\t\t\t\t\t<div class=\"elementor-container elementor-column-gap-default\">\r\n\t\t\t\t\r\n\t\t\t\t\t\t\t<!-- Start .elementor-column -->\r\n\t\t\t<div class=\" elementor-column elementor-col-100 elementor-top-column elementor-element elementor-element-d7ef310 elementor-invisible \" data-id=\"d7ef310\" data-element_type=\"column\" data-settings=\"{&quot;animation&quot;:&quot;fadeInUpShorter&quot;}\">\r\n\t\t\t\t\t\t\t\t<!-- Start .elementor-column-wrap(optimize mode => .elementor-widget-wrap) -->\r\n\t\t\t\t<div class=\"elementor-widget-wrap elementor-element-populated\">\r\n\t\t\t\t\t\t\t\t\t\t\t\t\t<!-- Start .slider-container  -->\r\n\t\t\t\t\t<div class=\"w-100\">\r\n\t\t\t\t\t\t\t\t\t\t<!-- Start .slider-wrapper -->\r\n\t\t\t\t\t<div class=\" row cols-lg-3 cols-md-2 cols-sm-2 cols-1  slider-wrapper\" data-slider-options=\"{&quot;spaceBetween&quot;:30,&quot;pagination&quot;:true,&quot;autoHeight&quot;:true,&quot;effect&quot;:&quot;slide&quot;,&quot;slidesPerView&quot;:3,&quot;breakpoints&quot;:{&quot;2401&quot;:{&quot;slidesPerView&quot;:3},&quot;1440&quot;:{&quot;slidesPerView&quot;:3,&quot;spaceBetween&quot;:30},&quot;1200&quot;:{&quot;slidesPerView&quot;:3},&quot;992&quot;:{&quot;slidesPerView&quot;:3},&quot;768&quot;:{&quot;slidesPerView&quot;:2},&quot;576&quot;:{&quot;slidesPerView&quot;:2},&quot;0&quot;:{&quot;slidesPerView&quot;:1}},&quot;statusClass&quot;:&quot;slider-dots-dark slider-shadow slider-overflow-hidden slider-top&quot;}\">\r\n\t\t\t\t\t\t<div class=\"elementor-element elementor-element-31056f0 custom-icon-box elementor-widget elementor-widget-udesign_widget_iconbox\" data-id=\"31056f0\" data-element_type=\"widget\" data-widget_type=\"udesign_widget_iconbox.default\">\n\t\t\t\t<div class=\"elementor-widget-container\">\n\t\t\t\t\t<div class=\"icon-box position-top icon-default\"><div class=\"icon-box-feature\"><svg xmlns=\"http:\/\/www.w3.org\/2000\/svg\" xmlns:xlink=\"http:\/\/www.w3.org\/1999\/xlink\" id=\"Layer_1\" x=\"0px\" y=\"0px\" viewBox=\"0 0 70 70\" style=\"enable-background:new 0 0 70 70;\" xml:space=\"preserve\"><g>\t<path d=\"M69.6,59.7v-19c-0.9,1.4-1.8,3-2.8,4.6v12.6l-18.4,7.8v-6.9l-2.8-4v11.1l-21.4-8V9.4l3.7,1.4c0.2-0.9,0.5-1.8,0.7-2.7  L22.9,6L0.4,15.6V70L23,60.2l24.2,9.1L69.6,59.7z M21.5,57.9L3.1,65.7V17.4l18.4-7.9V57.9z\"><\/path>\t<path d=\"M55.2,14.4c-0.6-0.6-1.2-0.8-2.1-0.8c-0.8,0-1.5,0.3-2.1,0.8c-0.6,0.6-0.8,1.2-0.8,2.1c0,0.8,0.3,1.5,0.8,2.1  c0.6,0.6,1.2,0.8,2.1,0.8c0.8,0,1.5-0.3,2.1-0.8c0.6-0.6,0.8-1.2,0.8-2.1C56,15.7,55.8,15,55.2,14.4z\"><\/path>\t<path d=\"M67.1,25.3c0.8-1.9,1.5-3.5,1.8-4.7c0.5-1.5,0.7-2.9,0.7-4.1c0-3-0.8-5.7-2.2-8.2c-1.5-2.5-3.5-4.5-6-6  C58.9,0.7,56.1,0,53.1,0c-3,0-5.7,0.7-8.2,2.2c-2.5,1.5-4.5,3.5-6,6c-1.5,2.5-2.2,5.3-2.2,8.2c0,1.2,0.2,2.6,0.7,4  c0.4,1.3,1,2.9,1.8,4.7c1.4,3.2,3.1,6.6,5.2,10.1c2.5,4.3,5.1,8.4,7.7,12.1l1.1,1.6l3.6-5.2c1.9-2.9,3.7-5.8,5.2-8.5  C64,31.8,65.8,28.4,67.1,25.3z M55,41.2l-1.8,2.9l-1.9-3c-1.5-2.2-3-4.6-4.5-7.1c-2.3-3.9-4-7.3-5.2-9.9c-0.7-1.5-1.2-3-1.6-4.3  c-0.4-1.5-0.6-2.5-0.6-3.3c0-2.5,0.6-4.8,1.8-6.9c1.2-2.1,2.9-3.8,5-5c4.2-2.4,9.6-2.4,13.8,0c2.1,1.2,3.8,2.9,5,5  c1.2,2.1,1.8,4.4,1.8,6.9c0,0.8-0.2,1.9-0.6,3.3c-0.4,1.3-0.9,2.8-1.6,4.3c-1.2,2.6-2.9,6-5.2,9.9C58,36.5,56.5,38.9,55,41.2z\"><\/path><\/g><\/svg><\/div><div class=\"icon-box-content\"><h3 class=\"icon-box-title\">Adresas<\/h3><p class=\"icon-box-desc\">Brastos g. 14, LT-47185 Kaunas<\/p><\/div><\/div>\t\t\t\t<\/div>\n\t\t\t\t<\/div>\n\t\t\t\t<div class=\"elementor-element elementor-element-04bd55c custom-icon-box elementor-widget elementor-widget-udesign_widget_iconbox\" data-id=\"04bd55c\" data-element_type=\"widget\" data-widget_type=\"udesign_widget_iconbox.default\">\n\t\t\t\t<div class=\"elementor-widget-container\">\n\t\t\t\t\t<div class=\"icon-box position-top icon-default\"><div class=\"icon-box-feature\"><i class=\"  a-icon-computer\"><\/i><\/div><div class=\"icon-box-content\"><h3 class=\"icon-box-title\">El. pa\u0161tas<\/h3><p class=\"icon-box-desc\"><a href=\"mailto:info@geoface.com\">info@geoface.com<\/a><\/p><\/div><\/div>\t\t\t\t<\/div>\n\t\t\t\t<\/div>\n\t\t\t\t<div class=\"elementor-element elementor-element-aaf0d93 custom-icon-box elementor-widget elementor-widget-udesign_widget_iconbox\" data-id=\"aaf0d93\" data-element_type=\"widget\" data-widget_type=\"udesign_widget_iconbox.default\">\n\t\t\t\t<div class=\"elementor-widget-container\">\n\t\t\t\t\t<div class=\"icon-box position-top icon-default\"><div class=\"icon-box-feature\"><svg xmlns=\"http:\/\/www.w3.org\/2000\/svg\" xmlns:xlink=\"http:\/\/www.w3.org\/1999\/xlink\" id=\"Layer_1\" x=\"0px\" y=\"0px\" viewBox=\"0 0 70 70\" style=\"enable-background:new 0 0 70 70;\" xml:space=\"preserve\"><g>\t<path d=\"M40,10v2.6c2.9,0.2,5.7,1,8.2,2.5c2.8,1.7,5.1,3.9,6.8,6.8c1.5,2.5,2.3,5.3,2.5,8.2H60c-0.2-3.4-1.1-6.6-2.8-9.5  c-1.9-3.2-4.5-5.8-7.7-7.7C46.6,11.1,43.4,10.2,40,10z\"><\/path>\t<path d=\"M0.2,20c-0.3,1.4-0.3,2.7,0.2,4c1.4,4,3.4,8.1,5.8,12.3c3.4,5.7,7.4,11,12,15.6c7.4,7.5,16.7,13.4,27.7,17.7l0.2,0  c1.3,0.5,2.6,0.5,3.9,0.3c1.3-0.3,2.5-0.8,3.6-1.8l7.8-7.8c0.8-0.8,1.2-1.8,1.2-3c0-1.2-0.4-2.2-1.2-3L51.2,43.9  c-0.8-0.8-1.8-1.2-3.1-1.2c-1.2,0-2.2,0.4-3.1,1.2l-5.5,5.6l-0.8-0.4c-4-1.9-7.6-4.3-10.6-7.2c-3-2.9-5.4-6.4-7.2-10.5l-0.3-0.7  l5.5-5.5c0.9-0.9,1.3-2,1.3-3.3c0-1.2-0.4-2.1-1.3-2.8l0,0l-0.2-0.2l0,0L15.9,8.5c-1.7-1.4-4.1-1.4-5.8,0l-7.7,7.9  C1.2,17.5,0.5,18.6,0.2,20z M2.8,20.6C3,19.7,3.4,19,4,18.5l7.6-7.8c0.7-0.7,1.7-0.8,2.6-0.1l10.6,10.8l0.1,0.3  c0.1,0.6,0,1.2-0.5,1.6l-6.9,6.8l0.3,0.9l1,2.1c0.8,1.7,1.7,3.4,2.8,5c1.5,2.3,3.1,4.2,4.8,5.8c2.4,2.3,5.3,4.5,8.6,6.4  c1.7,1,3.1,1.7,4.2,2.1l0.9,0.4l7-7c0.1-0.1,0.5-0.5,1.1-0.5c0.6,0,0.9,0.4,1.1,0.5l10.5,10.5c0.2,0.2,0.5,0.5,0.5,1  c0,0.5-0.3,0.8-0.5,1L51.9,66c-1,0.9-2.1,1.3-3.3,1.3c-0.5,0-1.1-0.1-1.6-0.3c-10.7-4.2-19.8-9.9-26.9-17.1  c-4.4-4.4-8.3-9.5-11.6-15.1c-2.4-4.1-4.2-8-5.5-11.8l-0.1-0.2C2.6,22.1,2.6,21.4,2.8,20.6z\"><\/path>\t<path d=\"M40,20v2.6c1.9,0.2,3.6,1.1,5,2.5c1.4,1.4,2.2,3.1,2.5,5H50c-0.2-1.6-0.6-3.1-1.5-4.5c-1-1.7-2.4-3.1-4.1-4.1  C43.1,20.6,41.6,20.1,40,20z\"><\/path>\t<path d=\"M54.6,4.3L54.6,4.3C50.1,1.6,45.2,0.2,40,0v2.6c4.7,0.2,9.1,1.5,13.3,3.9c4.3,2.5,7.7,6,10.2,10.2  c2.4,4.1,3.7,8.6,3.9,13.3H70c-0.2-5.2-1.6-10.1-4.3-14.6C63,10.8,59.2,7,54.6,4.3z\"><\/path><\/g><\/svg><\/div><div class=\"icon-box-content\"><h3 class=\"icon-box-title\">Telefonas<\/h3><p class=\"icon-box-desc\"><a href=\"tel:+37037409999\">+370 374 09999<\/a><\/p><\/div><\/div>\t\t\t\t<\/div>\n\t\t\t\t<\/div>\n\t\t\t\t\t\t\t<\/div><!-- End .slider-wrapper -->\r\n\t\t\t\t\t<\/div><!-- End .slider-container -->\r\n\t\t\t\t\t\r\n\t\t\t\t\t\t\t\t<\/div> <!-- End optimize => .elementor-widget-wrap -->\r\n\t\t\t\t<\/div>\r\n\t\t\t\t<!-- End .elementor-column -->\r\n\t\t\t\t\t\t\t\t<\/div>\r\n\t\t\t<\/div>\r\n\t\t\t\t\t<section class=\" elementor-section elementor-top-section elementor-element elementor-element-289d44d elementor-section-boxed elementor-section-height-default elementor-section-height-default smart-sticky-default\" data-id=\"289d44d\" data-element_type=\"section\">\r\n\t\t\t\t\t\t\t\t<div class=\"elementor-container elementor-column-gap-default\">\r\n\t\t\t\t\r\n\t\t\t\t\t\t\t\t<div class=\" elementor-column elementor-col-100 elementor-top-column elementor-element elementor-element-b636104 \" data-id=\"b636104\" data-element_type=\"column\">\r\n\r\n\t\t\t\t\r\n\t\t\t\t<div class=\"elementor-widget-wrap elementor-element-populated\">\r\n\t\t\t\t\t\t\t\t\t\t\r\n\t\t\t\t\t\t<div class=\"elementor-element elementor-element-d11b3b3 elementor-widget__width-initial elementor-invisible elementor-widget elementor-widget-udesign_widget_heading\" data-id=\"d11b3b3\" data-element_type=\"widget\" data-settings=\"{&quot;_animation&quot;:&quot;fadeIn&quot;}\" data-widget_type=\"udesign_widget_heading.default\">\n\t\t\t\t<div class=\"elementor-widget-container\">\n\t\t\t\t\t<div class=\"title-wrapper  title-left\"><h2 class=\"title elementor-heading-title\">Ar turite klausim\u0173? U\u017epildykite form\u0105 ir mes su jumis susisieksime.<\/h2><\/div>\t\t\t\t<\/div>\n\t\t\t\t<\/div>\n\t\t\t\t<div class=\"elementor-element elementor-element-336bcab elementor-widget elementor-widget-shortcode\" data-id=\"336bcab\" data-element_type=\"widget\" data-widget_type=\"shortcode.default\">\n\t\t\t\t<div class=\"elementor-widget-container\">\n\t\t\t\t\t\t\t<div class=\"elementor-shortcode\"><div class=\"wpforms-container wpforms-container-full wpforms-render-modern\" id=\"wpforms-15112\"><form id=\"wpforms-form-15112\" class=\"wpforms-validate wpforms-form\" data-formid=\"15112\" method=\"post\" enctype=\"multipart\/form-data\" action=\"\/lt\/wp-json\/wp\/v2\/pages\/13843\" data-token=\"52fd913b10c7af69aeaad2bd1f5b6557\" data-token-time=\"1776416883\"><noscript class=\"wpforms-error-noscript\">Please enable JavaScript in your browser to complete this form.<\/noscript><div id=\"wpforms-error-noscript\" style=\"display: none;\">Please enable JavaScript in your browser to complete this form.<\/div><div class=\"wpforms-field-container\"><div id=\"wpforms-15112-field_4-container\" class=\"wpforms-field wpforms-field-text\" data-field-id=\"4\"><label class=\"wpforms-field-label wpforms-label-hide\" for=\"wpforms-15112-field_4\" aria-hidden=\"false\">Single Line Text<\/label><input type=\"text\" id=\"wpforms-15112-field_4\" class=\"wpforms-field-large\" name=\"wpforms[fields][4]\" placeholder=\"J\u016bs\u0173 vardas, pavard\u0117\" aria-errormessage=\"wpforms-15112-field_4-error\" ><\/div><div id=\"wpforms-15112-field_1-container\" class=\"wpforms-field wpforms-field-email\" data-field-id=\"1\"><label class=\"wpforms-field-label wpforms-label-hide\" for=\"wpforms-15112-field_1\" aria-hidden=\"false\">Email <span class=\"wpforms-required-label\" aria-hidden=\"true\">*<\/span><\/label><input type=\"email\" id=\"wpforms-15112-field_1\" class=\"wpforms-field-large wpforms-field-required\" name=\"wpforms[fields][1]\" placeholder=\"\u012eveskite savo el. pa\u0161t\u0105\" spellcheck=\"false\" aria-errormessage=\"wpforms-15112-field_1-error\" required><\/div><div id=\"wpforms-15112-field_2-container\" class=\"wpforms-field wpforms-field-textarea\" data-field-id=\"2\"><label class=\"wpforms-field-label wpforms-label-hide\" for=\"wpforms-15112-field_2\" aria-hidden=\"false\">Comment or Message <span class=\"wpforms-required-label\" aria-hidden=\"true\">*<\/span><\/label><textarea id=\"wpforms-15112-field_2\" class=\"wpforms-field-medium wpforms-field-required\" name=\"wpforms[fields][2]\" placeholder=\"Vieta j\u016bs\u0173 \u017einutei\" aria-errormessage=\"wpforms-15112-field_2-error\" required><\/textarea><\/div><div id=\"wpforms-15112-field_7-container\" class=\"wpforms-field wpforms-field-checkbox\" data-field-id=\"7\"><fieldset><legend class=\"wpforms-field-label wpforms-label-hide\" aria-hidden=\"false\"> <span class=\"wpforms-required-label\" aria-hidden=\"true\">*<\/span><\/legend><ul id=\"wpforms-15112-field_7\" class=\"wpforms-field-required\"><li class=\"choice-1 depth-1\"><input type=\"checkbox\" id=\"wpforms-15112-field_7_1\" name=\"wpforms[fields][7][]\" value=\"Sutinku su privatumo politika\" aria-errormessage=\"wpforms-15112-field_7_1-error\" aria-describedby=\"wpforms-15112-field_7-description\" required ><label class=\"wpforms-field-label-inline\" for=\"wpforms-15112-field_7_1\">Sutinku su privatumo politika<\/label><\/li><\/ul><div id=\"wpforms-15112-field_7-description\" class=\"wpforms-field-description\">Skaityti <a target=\"_blank\" href=\"\/lt\/privatumo-politika\/\">privatumo politik\u0105<\/a><\/div><\/fieldset><\/div><\/div><!-- .wpforms-field-container --><div class=\"wpforms-recaptcha-container wpforms-is-turnstile\" ><div class=\"wpforms-turnstile\" data-sitekey=\"0x4AAAAAABL8d7eR6Lae5oKF\" data-action=\"FormID-15112\"><\/div><input type=\"text\" name=\"g-recaptcha-hidden\" class=\"wpforms-recaptcha-hidden\" style=\"position:absolute!important;clip:rect(0,0,0,0)!important;height:1px!important;width:1px!important;border:0!important;overflow:hidden!important;padding:0!important;margin:0!important;\" data-rule-turnstile=\"1\"><\/div><div class=\"wpforms-submit-container\" ><input type=\"hidden\" name=\"wpforms[id]\" value=\"15112\"><input type=\"hidden\" name=\"page_title\" value=\"\"><input type=\"hidden\" name=\"page_url\" value=\"https:\/\/www.geoface.com\/lt\/wp-json\/wp\/v2\/pages\/13843\"><input type=\"hidden\" name=\"url_referer\" value=\"\"><button type=\"submit\" name=\"wpforms[submit]\" id=\"wpforms-submit-15112\" class=\"wpforms-submit btn btn-icon btn-icon-right btn-md btn-ellipse btn-primary\" data-alt-text=\"Siun\u010diama...\" data-submit-text=\"&lt;span &gt;Si\u0173sti&lt;\/span&gt;\" aria-live=\"assertive\" value=\"wpforms-submit\"><span >Si\u0173sti<\/span><\/button><button type=\"submit\" name=\"wpforms[submit]\" id=\"wpforms-submit-15112\" class=\"wpforms-submit btn btn-md btn-ellipse btn-primary btn-icon btn-icon-right\" data-alt-text=\"Siun\u010diama...\" data-submit-text=\"Si\u0173sti\" aria-live=\"assertive\" value=\"wpforms-submit\">Si\u0173sti<\/button><\/div><\/form><\/div>  <!-- .wpforms-container --><\/div>\n\t\t\t\t\t\t<\/div>\n\t\t\t\t<\/div>\n\t\t\t\t\t\t<\/div>\r\n\t\t\t\t<\/div>\r\n\t\t\t\t\t\t\t\t<\/div>\r\n\t\t\t<\/section>\r\n\t\t\t\t\t<\/div>\n\t\t","protected":false},"excerpt":{"rendered":"<p>Susisiekite su mumis Adresas Brastos g. 14, LT-47185 Kaunas El. pa\u0161tas info@geoface.com Telefonas +370 374 09999 Ar turite klausim\u0173? U\u017epildykite form\u0105 ir mes su jumis susisieksime.<\/p>\n","protected":false},"author":1,"featured_media":0,"parent":0,"menu_order":0,"comment_status":"closed","ping_status":"closed","template":"","meta":{"om_disable_all_campaigns":false,"footnotes":""},"class_list":["post-13843","page","type-page","status-publish","hentry"],"_links":{"self":[{"href":"https:\/\/www.geoface.com\/lt\/wp-json\/wp\/v2\/pages\/13843","targetHints":{"allow":["GET"]}}],"collection":[{"href":"https:\/\/www.geoface.com\/lt\/wp-json\/wp\/v2\/pages"}],"about":[{"href":"https:\/\/www.geoface.com\/lt\/wp-json\/wp\/v2\/types\/page"}],"author":[{"embeddable":true,"href":"https:\/\/www.geoface.com\/lt\/wp-json\/wp\/v2\/users\/1"}],"replies":[{"embeddable":true,"href":"https:\/\/www.geoface.com\/lt\/wp-json\/wp\/v2\/comments?post=13843"}],"version-history":[{"count":17,"href":"https:\/\/www.geoface.com\/lt\/wp-json\/wp\/v2\/pages\/13843\/revisions"}],"predecessor-version":[{"id":15433,"href":"https:\/\/www.geoface.com\/lt\/wp-json\/wp\/v2\/pages\/13843\/revisions\/15433"}],"wp:attachment":[{"href":"https:\/\/www.geoface.com\/lt\/wp-json\/wp\/v2\/media?parent=13843"}],"curies":[{"name":"wp","href":"https:\/\/api.w.org\/{rel}","templated":true}]}}