{"id":14724,"date":"2025-03-03T14:13:49","date_gmt":"2025-03-03T14:13:49","guid":{"rendered":"https:\/\/beta.geoface.com\/?page_id=14724"},"modified":"2025-03-03T14:16:41","modified_gmt":"2025-03-03T14:16:41","slug":"naudojimosi-salygos","status":"publish","type":"page","link":"https:\/\/www.geoface.com\/lt\/naudojimosi-salygos\/","title":{"rendered":"Naudojimosi s\u0105lygos"},"content":{"rendered":"\n<p><strong>\u201eGeoface\u201c programos naudojimo s\u0105lygos ir taisykl\u0117s<\/strong><\/p>\n\n\n\n<p><strong>BENDROSIOS NUOSTATOS<\/strong><\/p>\n\n\n\n<ul class=\"wp-block-list\">\n<li>\u201eGeoface\u201c programos naudojimo s\u0105lygos ir taisykl\u0117s (toliau \u2013 Taisykl\u0117s) nustato \u201eGeoface\u201c programos naudojimosi s\u0105lygas bei terminus.<\/li>\n\n\n\n<li>Klientas patvirtina savo sutikim\u0105 su \u0161iomis naudojimosi Taisykl\u0117mis ir \u012fsipareigoja j\u0173 laikytis paspausdamas \u201eSutinku\u201c.<\/li>\n<\/ul>\n\n\n\n<p><strong>S\u0104VOKOS<\/strong><\/p>\n\n\n\n<figure class=\"wp-block-table\"><table class=\"has-fixed-layout\"><tbody><tr><td><strong>Paslaug\u0173 teik\u0117jas<\/strong><\/td><td>UAB \u201eGeoface\u201c, \u012fmon\u0117s kodas: 304781617, buvein\u0117s adresas: Karaliaus Mindaugo pr. 37, Kaunas. Adresas korespondencijai: Brastos g. 14, Kaunas.<\/td><\/tr><tr><td><strong>Programa<\/strong><\/td><td>\u201eGeoface\u201c programa, skirta mobiliosios programos, programos naudojam\u0173 serveri\u0173, tokiuose serveriuose saugom\u0173 kompiuterio fail\u0173 ir vis\u0173 susijusi\u0173 paslaug\u0173, funkcij\u0173 ir turinio naudojimui.<\/td><\/tr><tr><td><strong>Klientas<\/strong><\/td><td>fizinis arba juridinis asmuo \u012fsigyjantis ir naudojantis Programa.<\/td><\/tr><tr><td><strong>Programos prenumeratos planas<\/strong><\/td><td>Programos naudojimosi planas, kuris yra nurodytas Programos aplinkoje ir\/ar svetain\u0117je.<\/td><\/tr><tr><td><strong>Privatumo politika<\/strong><\/td><td>Svetain\u0117je ir\/ar Programoje patalpintas dokumentas, kuriame yra numatytos pagrindin\u0117s asmens duomen\u0173 rinkimo, kaupimo, tvarkymo ir saugojimo taisykl\u0117s, taikomos lankantis svetain\u0117je, bei duomen\u0173 subjekt\u0173 teis\u0117s ir j\u0173 \u012fgyvendinimo tvarka, taikoma duomen\u0173 valdytoj\u0173. Su Privatumo politika privaloma susipa\u017einti registruojantis Programoje ir v\u0117liau pakartotinai bet kuriuo metu: <a href=\"https:\/\/www.geoface.com\/lt\/privacy-policy\/\">https:\/\/www.geoface.com\/lt\/privacy-policy\/.<\/a><\/td><\/tr><tr><td><strong>Licencija<\/strong><\/td><td>Paslaug\u0173 teik\u0117jo leidimas Klientui naudotis Programa tokiu b\u016bdu ir tokiomis s\u0105lygomis, kaip numatyta \u0161iose Taisykl\u0117se.<\/td><\/tr><tr><td><strong>Svetain\u0117<\/strong><\/td><td>tai duomen\u0173 valdytojo valdomas tinklalapis <a href=\"https:\/\/www.geoface.com\/lt\/\">https:\/\/www.geoface.com\/lt\/<\/a><\/td><\/tr><tr><td><strong>Taisykl\u0117s<\/strong><\/td><td>\u0161ios naudojimosi Svetaine ir Programa taisykl\u0117s ir s\u0105lygos, kurios apibr\u0117\u017eia Svetain\u0117s bei Programos teikiamus funkcionalumus, suteikiant s\u0105lygas \u012fsigyti Programos prenumeratos plan\u0105, naudotis Programos teikiamas privalumais.<\/td><\/tr><\/tbody><\/table><\/figure>\n\n\n\n<p><strong>NAUDOJIMOSI PROGRAMA S\u0104LYGOS<\/strong><\/p>\n\n\n\n<ul class=\"wp-block-list\">\n<li>Programa yra skirta u\u017esiregistruoti ir naudotis asmenims ne jaunesniems nei 18 met\u0173 am\u017eiaus, kaip tai suprantama pagal Lietuvos Respublikos civilinio kodekso 2.5 straipsn\u012f.<\/li>\n<\/ul>\n\n\n\n<p><strong>LICENCIJOS<\/strong><\/p>\n\n\n\n<ul class=\"wp-block-list\">\n<li>Klientui yra suteikiama pasaulin\u0117, asmenin\u0117, nei\u0161imtin\u0117, at\u0161aukiama, neperleid\u017eiama ir nei\u0161imtin\u0117 licencija naudotis Programa \u0161iose Taisykl\u0117se numatyta tvarka.<\/li>\n<\/ul>\n\n\n\n<p><strong>PASLAUG\u0172 TEIK\u0116JO TEIS\u0116S IR PAREIGOS<\/strong><\/p>\n\n\n\n<ul class=\"wp-block-list\">\n<li>Paslaugos teik\u0117jas u\u017etikrina tinkam\u0105 Programos funkcionavim\u0105, taip pat siekia, kad Programa veikt\u0173 nepertraukiamai ir be gedim\u0173.<\/li>\n\n\n\n<li>Paslaug\u0173 teik\u0117jas u\u017etikrina, kad atvejais, kai Klientu laikomas fizinis asmuo, mok\u0117jim\u0173 vykdymo tikslu bus tvarkomi Kliento vardas, pavard\u0117, unikalus u\u017esakymo numeris, s\u0105skaitos numeris. Elektroninio mok\u0117jimo sistemai bus perduodamas unikalus u\u017esakymo numeris ir mok\u0117tina suma. Platesn\u0117 informacija apie asmens duomen\u0173 tvarkym\u0105 bei Kliento, kaip duomen\u0173 subjekto, teises pateikiama Paslaugos teik\u0117jo internetiniame puslapyje patalpintoje Privatumo politikoje.<\/li>\n\n\n\n<li>Paslaugos teik\u0117jas turi teis\u0119 statistikos steb\u0117jimo bei Programos funkcionalumo vystymo tikslu naudoti Kliento \u012f Program\u0105 suvestus duomenis, kurie toliau tvarkomi anonimizuotu formatu, be galimyb\u0117s identifikuoti Klient\u0105.<\/li>\n\n\n\n<li>Paslaugos teik\u0117jas turi piln\u0105 teis\u0119 bet kada neprane\u0161\u0119s Klientui keisti Program\u0105, jos funkcijas, teikiamas paslaugas, Programos pavadinim\u0105 ir (arba) interneto domen\u0105, kuriuo Programa pasiekiama, bet kok\u012f Programos turin\u012f ar jo dal\u012f. Klientas supranta ir sutinka, kad Paslaugos teik\u0117jas nebus laikomas atsakingas u\u017e jokius tokiais ir kitais pana\u0161iais veiksmais sukeltus neigiamus padarinius Klientui.<\/li>\n\n\n\n<li>Paslaugos teik\u0117jas turi teis\u0119 be atskiro prane\u0161imo Klientui pasitelkti tre\u010diuosius asmenis bet kokiems veiksmams, susijusiems su \u0161iomis Taisykl\u0117mis, atlikti, taip pat tretiesiems asmenims perleisti savo teises bei pareigas, kylan\u010dias i\u0161 \u0161i\u0173 Taisykli\u0173 ar dal\u012f j\u0173.<\/li>\n\n\n\n<li>Paslaugos teik\u0117jas turi teis\u0119 bet kada, be i\u0161ankstinio \u012fsp\u0117jimo nutraukti Programos veikl\u0105, savo nuo\u017ei\u016bra valdyti ir tvarkyti Program\u0105.<\/li>\n\n\n\n<li>Paslaugos teik\u0117jas pasilieka teis\u0119 bet kada be i\u0161ankstinio \u012fsp\u0117jimo nutraukti arba apriboti Kliento pri\u0117jim\u0105 prie Svetain\u0117s arba Programos, jeigu, tai yra privaloma Lietuvos Respublikos \u012fstatym\u0173 bei kit\u0173 teis\u0117s akt\u0173 numatytais atvejais arba vykdant kompetentingos vald\u017eios institucijos reikalavimus, siekiant apginti Paslaugos teik\u0117jo ar tre\u010di\u0173j\u0173 asmen\u0173 teises ir teis\u0117tus interesus, atlikti technin\u0117s prie\u017ei\u016bros, Svetain\u0117s atnaujinimo darbus.<\/li>\n\n\n\n<li>Paslaug\u0173 teik\u0117jas turi teis\u0119 naudoti Programoje \u012fkelt\u0105 turin\u012f visa apimtimi, \u012fskaitant j\u012f naudoti, modifikuoti, dauginti bei platinti.<\/li>\n<\/ul>\n\n\n\n<p><strong>KLIENTO TEIS\u0116S IR PAREIGOS<\/strong><\/p>\n\n\n\n<ul class=\"wp-block-list\">\n<li>Registruodamiesi ir atnaujindami savo profil\u012f pateikti vis\u0105 teising\u0105 informacij\u0105.<\/li>\n\n\n\n<li>Saugoti savo slapta\u017eod\u012f ir pasikeisti j\u012f faktinio ar \u012ftariamo piktnaud\u017eiavimo atveju.<\/li>\n\n\n\n<li>Naudotis Programa taip, kad nepa\u017eeist\u0173 galiojan\u010di\u0173 teis\u0117s akt\u0173.<\/li>\n\n\n\n<li>\u012ekelti ar kitaip padaryti prieinam\u0105 tam tikr\u0105 teis\u0117t\u0105 turin\u012f, \u012fskaitant bet tuo neapsiribojant, komentarus, nuotraukas, tekstus, \u017eem\u0117s \u016bkio informacij\u0105.<\/li>\n\n\n\n<li>Nepa\u017eeisti joki\u0173 tre\u010di\u0173j\u0173 asmen\u0173 \u0161ali\u0173 teisi\u0173, \u012fskaitant intelektini\u0173 nuosavyb\u0117s teisi\u0173.<\/li>\n\n\n\n<li>\u012ekeldamas ar kitaip pateikdamas turin\u012f Programoje Klientas sutinka ir suteikia Paslaugos teik\u0117jui ir\/ar susijusioms bei dukterin\u0117ms \u012fmon\u0117ms pasaulin\u0119, neat\u0161aukiam\u0105, nemokam\u0105, neribot\u0105, apmok\u0117t\u0105, sublicencijuojam\u0105, perleid\u017eiam\u0105 licencij\u0105 naudoti, modifikuoti, dauginti bei platinti turin\u012f, gaminti i\u0161vestinius turinio k\u016brinius, vie\u0161ai juos rodyti.<\/li>\n<\/ul>\n\n\n\n<p><strong>MOKAMOS PASLAUGOS<\/strong><\/p>\n\n\n\n<ul class=\"wp-block-list\">\n<li>Programa yra mokama, i\u0161skyrus i\u0161imtis nurodytas \u0161iose Taisykl\u0117se. Programos prenumeratos planai bei j\u0173 naudojimosi tvarka yra nurodyta Svetain\u0117je ir\/arba Programos aplinkoje. Esant poreikiui, Klientas turi teis\u0119 atsisi\u0173sti s\u0105skait\u0105 u\u017e suteiktas paslaugas Programos aplinkoje.<\/li>\n\n\n\n<li>Kiekvienam esamam ir naujam klientui prisijungus prie Programos aktyvuojamas 30 kalendorini\u0173 dien\u0173 nemokamas Programos naudojimas. Pasibaigus \u0161iam terminui Klientas informuojamas apie nemokam\u0105 Programos naudojimosi pasibaigim\u0105 ir Klientas privalo pasirinkti vien\u0105 i\u0161 Programos prenumeratos plan\u0173, prie\u0161ingu atveju Programos naudojimo galimyb\u0117s Klientui bus apribotos ir jam bus suteikiama galimyb\u0117 naudotis tik nemokamu planu, kaip jis yra apibr\u0117\u017eiamas Programos aplinkoje ir\/ar Svetain\u0117je. Ai\u0161kumo d\u0117lei, Klientas yra informuojamas, kad Programa automati\u0161kai parenka \u017eem\u0117s plot\u0105 (100 hektar\u0173), kuris papuola \u012f nemokamo plano apimt\u012f. Klientas pats savaranki\u0161kai \u017eem\u0117s ploto pasirinkimo galimyb\u0117s neturi.<\/li>\n\n\n\n<li>Klientas supranta ir sutinka, kad mokamos paslaugos, \u012fskaitant paslaug\u0173 prat\u0119sim\u0105, gali b\u016bti teikiamos tik po to, kai Klientas sumoka Paslaugos tiek\u0117jui u\u017e Programos prenumeratos plan\u0105 Programos aplinkoje ir\/ar Svetain\u0117je nurodyta tvarka. Mok\u0117jimas vykdomas per elektroninio mok\u0117jimo sistem\u0105 \u201eNeoPay\u201c, kuri yra integruota \u012f Programos sistem\u0105. Kliento kortel\u0117s duomenys n\u0117ra i\u0161saugomi ir automatiniai nuskaitymai nevyksta.<\/li>\n\n\n\n<li>Klientas yra informuotas, kad elektroninio mok\u0117jimo sistemai yra perduodamas tik unikalus u\u017esakymo numeris ir mok\u0117tina suma, kitus mok\u0117jimui \u012fvykdyti asmens duomenis Klientas pateikia savaranki\u0161kai.<\/li>\n\n\n\n<li>Kliento sumok\u0117ti pinigai u\u017e Programos prenumeratos plan\u0105 n\u0117ra gr\u0105\u017einami, nes laikoma, kad Klientas yra atsiskait\u0119s u\u017e pasirinkt\u0105 Programos prenumeratos plan\u0105 ir netenka teis\u0117s atsisakyti tokios paslaugos nutraukimo.<\/li>\n\n\n\n<li>Klientas turi teis\u0119 bet kada pakeisti pasirinkt\u0105 Programos prenumeratos plan\u0105 \u012f didesn\u012f Programos prenumeratos plan\u0105 Programos aplinkoje. Ai\u0161kumo d\u0117lei, Klientas neturi papildomai mok\u0117ti u\u017e pasirinkt\u0105 didesn\u012f Programos prenumeratos plan\u0105, ta\u010diau jam\/jai proporcingai ma\u017einamas naujai pasirinkto Programos prenumeratos plano naudojimosi laikotarpis (dien\u0173 skai\u010dius), apie kur\u012f Klientas yra informuojamas savo Programos paskyroje.<\/li>\n\n\n\n<li>Apribojus ar sustabd\u017eius Kliento galimyb\u0119 naudotis mokamomis paslaugomis ar Klientui negavus ar laiku negavus mokam\u0173 paslaug\u0173 d\u0117l kit\u0173 prie\u017eas\u010di\u0173 nei Kliento \u012fvykdytas \u0161i\u0173 Taisykli\u0173 pa\u017eeidimas, Paslaug\u0173 tiek\u0117jas, Kliento pra\u0161ymu, \u012fsipareigoja prat\u0119sti mokam\u0173 paslaug\u0173 teikim\u0105 Klientui tam laikotarpiui, kur\u012f nebuvo teikiamos mokamos paslaugos, arba neatlygintinai suteikti mokamas paslaugas, analogi\u0161kas nesuteiktoms mokamoms paslaugoms.<\/li>\n<\/ul>\n\n\n\n<p><strong>INTELEKTIN\u0116S NUOSAVYB\u0116S TEIS\u0116S<\/strong><\/p>\n\n\n\n<ul class=\"wp-block-list\">\n<li>Paslaug\u0173 teik\u0117jas pasilieka visas intelektin\u0117s nuosavyb\u0117s teises \u012f Program\u0105, \u012fskaitant jos turin\u012f pagal \u0161ias Taisykles ir galiojan\u010dius Lietuvos Respublikos teis\u0117s aktus.<\/li>\n\n\n\n<li>Intelektin\u0117s nuosavyb\u0117s teis\u0117s yra saugomos visame pasaulyje, draud\u017eiama platinti, keisti, kopijuoti, naudoti komercinei veiklai, talpinti, skelbti Programos, \u012fskaitant jos turinio informacij\u0105, apimant grafik\u0105, tekst\u0105 ar kitok\u012f Programos turin\u012f (jos komponentus ir\/ar kod\u0105). Visi preki\u0173 ir\/arba paslaug\u0173 \u017eenklai naudojami Programoje yra Paslaugos teik\u0117jo nuosavyb\u0117 arba Paslaugos teik\u0117jas juos naudoja teis\u0117tu pagrindu.<\/li>\n\n\n\n<li>Intelektini\u0173 nuosavyb\u0117s teisi\u0173 pa\u017eeidimas laikomas Taisykli\u0173 esminiu pa\u017eeidimu ir suteikia Paslaug\u0173 teik\u0117jui teis\u0119 bet kada be i\u0161ankstinio \u012fsp\u0117jimo nutraukti arba apriboti Kliento pri\u0117jim\u0105 prie Svetain\u0117s ir\/arba Programos.<\/li>\n<\/ul>\n\n\n\n<p><strong>ATSAKOMYB\u0116<\/strong><\/p>\n\n\n\n<ul class=\"wp-block-list\">\n<li>Klientas yra visi\u0161kai atsakingas u\u017e pateikt\u0173 patvirtinim\u0173, duomen\u0173 bei dokument\u0173 teisingum\u0105, j\u0173 turinio atitikim\u0105 Taisykl\u0117ms ir Lietuvos Respublikos teis\u0117s aktams. Jei Klientas pateikia melagingus patvirtinimus, netikslius duomenis, negaliojan\u010dius dokumentus, Paslaug\u0173 teik\u0117jas neatsako u\u017e d\u0117l to atsiradusius padarinius ir \u012fgyja teis\u0119 reikalauti i\u0161 Kliento Paslaug\u0173 teik\u0117jo patirt\u0173 nuostoli\u0173 atlyginimo visa apimtimi.<\/li>\n\n\n\n<li>Nesilaikydamas Taisykli\u0173, Klientas prisiima rizik\u0105 d\u0117l atsiradusi\u0173 padarini\u0173 ir \u012fgyja pareig\u0105 atlyginti Paslaug\u0173 teik\u0117jo bei tre\u010di\u0173j\u0173 asmen\u0173 patirtus tiesioginius ir\/ar netiesioginius nuostolius.<\/li>\n\n\n\n<li>Paslaug\u0173 teik\u0117jo atsakomyb\u0117 ribojama maksimaliu Prenumeratos plano dyd\u017eiu.<\/li>\n<\/ul>\n\n\n\n<p><strong>BAIGIAMOSIOS NUOSTATOS<\/strong><\/p>\n\n\n\n<ul class=\"wp-block-list\">\n<li>Taisykl\u0117ms yra taikoma Lietuvos Respublikos teis\u0117.<\/li>\n\n\n\n<li>Taisykl\u0117se ir (ar) bet kuriame Taisykli\u0173 priede neaptarti klausimai sprend\u017eiami vadovaujantis galiojan\u010diomis teis\u0117s akt\u0173 nuostatomis.<\/li>\n\n\n\n<li>Visi tarp Paslaug\u0173 teik\u0117jo ir Kliento kil\u0119 nesutarimai d\u0117l \u0161i\u0173 Taisykli\u0173 vykdymo yra sprend\u017eiami deryb\u0173 b\u016bdu. Klientas turi teis\u0119 kreiptis \u012f teism\u0105 teis\u0117s akt\u0173 nustatyta tvarka, jeigu nesutinka su Paslaugos teik\u0117jo atsakymu arba yra jo negav\u0119s per 30 (trisde\u0161imt) kalendorini\u0173 dien\u0173 nuo pra\u0161ymo ir\/ar skundo pateikimo dienos.<\/li>\n\n\n\n<li>Klientas pra\u0161ym\u0105 ir\/ar skund\u0105 d\u0117l Programos, Taisykli\u0173 ir\/ar kitais susijusiais klausimais privalo pateikti Paslaugos teik\u0117jui Programoje aplinkoje nurodytais komunikacijos kanalais.<\/li>\n\n\n\n<li>Paslaug\u0173 teik\u0117jas turi teis\u0119 viena\u0161ali\u0161kai pakeisti Taisykles, teikimo s\u0105lygas, \u012fkainius, Prenumeratos planus, sutarties terminui baigiantis informuoti Klient\u0105 jo Programos paskyroje ir\/arba Svetain\u0117je.<\/li>\n\n\n\n<li>Pakeitus \u0161ias Taisykles, Kliento prieiga prie Programos ribojama tol, kol Klientas nepatvirtina, kad susipa\u017eino su pakeistomis Taisykl\u0117mis ir \u012fsipareigoja j\u0173 laikytis.<\/li>\n\n\n\n<li>Klientas neturi teis\u0117s perduoti joki\u0173 savo teisi\u0173 ir \u012fsipareigojim\u0173 pagal \u0161ias Taisykles jokiai tre\u010diajai \u0161aliai be i\u0161ankstinio Paslaug\u0173 teik\u0117jo ra\u0161ytinio sutikimo. Visas teises ir pareigas, informacij\u0105 (\u012fskaitant asmens duomenis) Paslaug\u0173 teik\u0117jas gali perduoti tre\u010diajam asmeniui, \u012fskaitant bet kuriai susijusiai ar dukterinei \u012fmonei, laikantis teis\u0117s akt\u0173 reikalavim\u0173, be i\u0161 ankstinio Kliento sutikimo. Paslaug\u0173 teik\u0117jas apie tok\u012f teisi\u0173 ir pareig\u0173 perdavim\u0105 i\u0161 anksto informuos Klient\u0105.<\/li>\n\n\n\n<li>Programoje gali b\u016bti naudojamos nuorodos \u012f kitas interneto svetaines, kurios priklauso arba yra administruojamos kit\u0173 \u0161ali\u0173. Taisykl\u0117s n\u0117ra taikomos tokioms tre\u010di\u0173j\u0173 asmen\u0173 svetain\u0117ms ir Paslaug\u0173 teik\u0117jas neteikia joki\u0173 garantij\u0173 ir parei\u0161kim\u0173 d\u0117l toki\u0173 tre\u010di\u0173j\u0173 \u0161ali\u0173 paslaug\u0173. Klientas prisiima piln\u0105 atsakomyb\u0119 u\u017e naudojim\u0105si tokiomis tre\u010di\u0173j\u0173 asmen\u0173 svetain\u0117ms.<\/li>\n\n\n\n<li>Programa ar tam tikros jos funkcijos gali b\u016bti neprieinamos Kliento vietov\u0117je, valstyb\u0117je arba jos gali skirtis.<\/li>\n\n\n\n<li>Visi priedai, \u012fskaitant privatumo politika, laikomi \u0161i\u0173 Taisykli\u0173 neatskiriama dalis.<\/li>\n<\/ul>\n\n\n\n<p>Galiojanti suvestin\u0117 redakcija: 2023 m. baland\u017eio 3d.<\/p>\n","protected":false},"excerpt":{"rendered":"<p>\u201eGeoface\u201c programos naudojimo s\u0105lygos ir taisykl\u0117s BENDROSIOS NUOSTATOS S\u0104VOKOS Paslaug\u0173 teik\u0117jas UAB \u201eGeoface\u201c, \u012fmon\u0117s kodas: 304781617, buvein\u0117s adresas: Karaliaus Mindaugo pr. 37, Kaunas. Adresas korespondencijai: Brastos g. 14, Kaunas. Programa \u201eGeoface\u201c programa, skirta mobiliosios programos, programos naudojam\u0173 serveri\u0173, tokiuose serveriuose saugom\u0173 kompiuterio fail\u0173 ir vis\u0173 susijusi\u0173 paslaug\u0173, funkcij\u0173 ir turinio naudojimui. Klientas fizinis arba juridinis [&hellip;]<\/p>\n","protected":false},"author":1,"featured_media":0,"parent":0,"menu_order":0,"comment_status":"closed","ping_status":"closed","template":"","meta":{"om_disable_all_campaigns":false,"footnotes":""},"class_list":["post-14724","page","type-page","status-publish","hentry"],"_links":{"self":[{"href":"https:\/\/www.geoface.com\/lt\/wp-json\/wp\/v2\/pages\/14724","targetHints":{"allow":["GET"]}}],"collection":[{"href":"https:\/\/www.geoface.com\/lt\/wp-json\/wp\/v2\/pages"}],"about":[{"href":"https:\/\/www.geoface.com\/lt\/wp-json\/wp\/v2\/types\/page"}],"author":[{"embeddable":true,"href":"https:\/\/www.geoface.com\/lt\/wp-json\/wp\/v2\/users\/1"}],"replies":[{"embeddable":true,"href":"https:\/\/www.geoface.com\/lt\/wp-json\/wp\/v2\/comments?post=14724"}],"version-history":[{"count":1,"href":"https:\/\/www.geoface.com\/lt\/wp-json\/wp\/v2\/pages\/14724\/revisions"}],"predecessor-version":[{"id":14725,"href":"https:\/\/www.geoface.com\/lt\/wp-json\/wp\/v2\/pages\/14724\/revisions\/14725"}],"wp:attachment":[{"href":"https:\/\/www.geoface.com\/lt\/wp-json\/wp\/v2\/media?parent=14724"}],"curies":[{"name":"wp","href":"https:\/\/api.w.org\/{rel}","templated":true}]}}